{"id":471,"date":"2023-10-25T15:06:46","date_gmt":"2023-10-25T15:06:46","guid":{"rendered":"https:\/\/ingenibo.com\/projectes\/els-nostres-compromisos\/"},"modified":"2024-05-31T09:33:22","modified_gmt":"2024-05-31T09:33:22","slug":"els-nostres-compromisos","status":"publish","type":"page","link":"https:\/\/ingenibo.com\/ca\/projectes\/els-nostres-compromisos","title":{"rendered":"Els nostres compromisos"},"content":{"rendered":"<div class=\"gb-container gb-container-d5f020ba alignfull gb-container-section\">\n<div class=\"gb-container gb-container-6c959728 gb-container-section-inner\">\n\n<h2 class=\"gb-headline gb-headline-9612b482 gb-headline-text\" data-aos=\"fade-up\" data-aos-duration=\"1000\" data-aos-delay=\"600\">Pol\u00edtica de Qualitat i Medi Ambient<\/h2>\n\n\n<div class=\"gb-container gb-container-a74ce741\" data-aos=\"fade-up\" data-aos-duration=\"1000\" data-aos-delay=\"800\">\n\n<p class=\"gb-headline gb-headline-b5341e2e gb-headline-text\"><strong>La Direcci\u00f3 General basa la <strong>pol\u00edtica de Qualitat i Medi Ambient<\/strong> en les premisses seg\u00fcents:<\/strong><\/p>\n\n\n\n<ul class=\"wp-block-list\">\n<li>Es proposa <strong>ser competitius amb alt nivell t\u00e8cnic<\/strong> en els serveis a cadascun dels seus mercats i buscar l&#8217;excel\u00b7l\u00e8ncia de la seva Qualitat accentuant al m\u00e0xim els components de Servei de les seves activitats<\/li>\n\n\n\n<li>El nivell t\u00e8cnic del servei ha de satisfer, sempre i rigorosament, tant els <strong>requisits<\/strong> del Client com els legals i reglamentaris.<\/li>\n\n\n\n<li><strong>Garanteix la transpar\u00e8ncia<\/strong> en el comportament mitjan\u00e7ant l&#8217;establiment de vies de comunicaci\u00f3 tant internes com externes.<\/li>\n\n\n\n<li>Actua perqu\u00e8 la pol\u00edtica de qualitat es difongui i arribi a tots els estaments de l&#8217;empresa i proporcioni un <strong>marc de refer\u00e8ncia<\/strong> per establir els Objectius de Qualitat.<\/li>\n\n\n\n<li>Lluita perqu\u00e8 la qualitat, i tot all\u00f2 que aix\u00f2 comporta, sigui compresa i considerada com a pr\u00f2pia per tots els components de l&#8217;empresa.<\/li>\n\n\n\n<li>Sensibilitzar el personal i les parts interessades en un treball enfocat en processos i en una gesti\u00f3 que <strong>minimitzi riscos i aprofiti les oportunitats<\/strong>.<\/li>\n\n\n\n<li>Incorporant la variable ambiental als nostres projectes, buscant <strong>reduir-ne l&#8217;impacte ambiental<\/strong> derivat.<\/li>\n<\/ul>\n\n<\/div>\n<\/div>\n<\/div>","protected":false},"excerpt":{"rendered":"<p>Pol\u00edtica de Qualitat i Medi Ambient La Direcci\u00f3 General basa la pol\u00edtica de Qualitat i Medi Ambient en les premisses seg\u00fcents:<\/p>\n","protected":false},"author":1,"featured_media":0,"parent":461,"menu_order":0,"comment_status":"closed","ping_status":"closed","template":"","meta":{"_acf_changed":false,"footnotes":""},"class_list":["post-471","page","type-page","status-publish"],"acf":[],"_links":{"self":[{"href":"https:\/\/ingenibo.com\/ca\/wp-json\/wp\/v2\/pages\/471","targetHints":{"allow":["GET"]}}],"collection":[{"href":"https:\/\/ingenibo.com\/ca\/wp-json\/wp\/v2\/pages"}],"about":[{"href":"https:\/\/ingenibo.com\/ca\/wp-json\/wp\/v2\/types\/page"}],"author":[{"embeddable":true,"href":"https:\/\/ingenibo.com\/ca\/wp-json\/wp\/v2\/users\/1"}],"replies":[{"embeddable":true,"href":"https:\/\/ingenibo.com\/ca\/wp-json\/wp\/v2\/comments?post=471"}],"version-history":[{"count":16,"href":"https:\/\/ingenibo.com\/ca\/wp-json\/wp\/v2\/pages\/471\/revisions"}],"predecessor-version":[{"id":3341,"href":"https:\/\/ingenibo.com\/ca\/wp-json\/wp\/v2\/pages\/471\/revisions\/3341"}],"up":[{"embeddable":true,"href":"https:\/\/ingenibo.com\/ca\/wp-json\/wp\/v2\/pages\/461"}],"wp:attachment":[{"href":"https:\/\/ingenibo.com\/ca\/wp-json\/wp\/v2\/media?parent=471"}],"curies":[{"name":"wp","href":"https:\/\/api.w.org\/{rel}","templated":true}]}}