{"id":467,"date":"2023-10-25T10:50:56","date_gmt":"2023-10-25T10:50:56","guid":{"rendered":"https:\/\/ingenibo.com\/projectes\/ingenibo-projects\/"},"modified":"2024-03-04T10:25:25","modified_gmt":"2024-03-04T10:25:25","slug":"ingenibo-projects","status":"publish","type":"page","link":"https:\/\/ingenibo.com\/ca\/projectes\/ingenibo-projects","title":{"rendered":"Ingenibo projects"},"content":{"rendered":"<div class=\"gb-container gb-container-5858d79d rellax alignfull\" data-rellax-speed=\"3\">\n<div class=\"gb-container gb-container-f53c8164\">\n\n<p class=\"gb-headline gb-headline-e2832c6e gb-headline-text\"><strong>INGENIBO PROJECTS <\/strong>\u00e9s una empresa independent de consultoria formada per professionals de reconegut prestigi amb una dilatada experi\u00e8ncia a tots els \u00e0mbits del m\u00f3n de l&#8217;enginyeria, l&#8217;arquitectura i la construcci\u00f3, que neix per donar respostes d&#8217;una manera global, innovadora, eficient, detallada , sempre a termini i a un preu ajustat a les necessitats dels nostres clients.<\/p>\n\n<\/div>\n<\/div>\n\n<div class=\"gb-container gb-container-3b23960e alignfull\">\n<div class=\"gb-container gb-container-872d41e6\">\n<div class=\"gb-container gb-container-c9598e9f\" data-aos=\"fade-up\" data-aos-duration=\"1000\"><\/div>\n\n<div class=\"gb-container gb-container-6744867f\">\n\n<h3 class=\"gb-headline gb-headline-76f7f2b6 gb-headline-text gb-headline-titulo-normal\" data-aos=\"fade-up\" data-aos-duration=\"2000\"><strong>Mitjan\u00e7ant un servei personalitzat i din\u00e0mic, <\/strong><\/h3>\n\n\n\n<h2 class=\"gb-headline gb-headline-13d73859 gb-headline-text gb-headline-titulo-gigante\" data-aos=\"fade-up\" data-aos-duration=\"2000\" data-aos-delay=\"200\">donem la millor soluci\u00f3 a tots els problemes<\/h2>\n\n\n\n<h3 class=\"gb-headline gb-headline-3052defe gb-headline-text gb-headline-titulo-normal\" data-aos=\"fade-up\" data-aos-duration=\"2000\" data-aos-dlay=\"400\"><strong>que sorgeixen en l&#8217;execuci\u00f3 de projectes i obres.<\/strong><\/h3>\n\n\n\n<h4 class=\"gb-headline gb-headline-e7d4c46a gb-headline-text gb-headline-titulo-pequeno\" data-aos=\"fade-up\" data-aos-duration=\"2000\" data-aos-delay=\"500\">Ens fem nostra la pol\u00edtica de fidelitzar els seus clients. Podem afirmar amb satisfacci\u00f3 que fins ara ho hem aconseguit.<\/h4>\n\n<\/div>\n\n<div class=\"gb-container gb-container-62f0e416\" data-aos=\"fade-up\" data-aos-duration=\"1000\" data-aos-delay=\"600\"><\/div>\n\n<div class=\"gb-container gb-container-0f8e40e5\">\n\n<p class=\"gb-headline gb-headline-9186e8b4 gb-headline-text\" data-aos=\"fade-up\" data-aos-duration=\"2000\">Per aix\u00f2 compta amb una plantilla fidel, altament qualificada, motivada i entregada. <br><br>El personal d&#8217;I<strong>NGENIBO PROJECTS<\/strong> t\u00e9 una gran experi\u00e8ncia en l&#8217;execuci\u00f3 de projectes de tota mena, realitzats sempre amb la satisfacci\u00f3 plena dels seus Clients. Aix\u00f2 obliga a donar un alt nivell de qualitat constantment.<\/p>\n\n<\/div>\n<\/div>\n<\/div>","protected":false},"excerpt":{"rendered":"<p>INGENIBO PROJECTS \u00e9s una empresa independent de consultoria formada per professionals de reconegut prestigi amb una dilatada experi\u00e8ncia a tots els \u00e0mbits del m\u00f3n de l&#8217;enginyeria, l&#8217;arquitectura i la construcci\u00f3, que neix per donar respostes d&#8217;una manera global, innovadora, eficient, detallada , sempre a termini i a un preu ajustat a les necessitats dels nostres &#8230; <a title=\"Ingenibo projects\" class=\"read-more\" href=\"https:\/\/ingenibo.com\/ca\/projectes\/ingenibo-projects\" aria-label=\"M\u00e9s informaci\u00f3 sobre Ingenibo projects\">Leer m\u00e1s<\/a><\/p>\n","protected":false},"author":1,"featured_media":1717,"parent":461,"menu_order":0,"comment_status":"closed","ping_status":"closed","template":"","meta":{"_acf_changed":false,"footnotes":""},"class_list":["post-467","page","type-page","status-publish","has-post-thumbnail"],"acf":[],"_links":{"self":[{"href":"https:\/\/ingenibo.com\/ca\/wp-json\/wp\/v2\/pages\/467","targetHints":{"allow":["GET"]}}],"collection":[{"href":"https:\/\/ingenibo.com\/ca\/wp-json\/wp\/v2\/pages"}],"about":[{"href":"https:\/\/ingenibo.com\/ca\/wp-json\/wp\/v2\/types\/page"}],"author":[{"embeddable":true,"href":"https:\/\/ingenibo.com\/ca\/wp-json\/wp\/v2\/users\/1"}],"replies":[{"embeddable":true,"href":"https:\/\/ingenibo.com\/ca\/wp-json\/wp\/v2\/comments?post=467"}],"version-history":[{"count":18,"href":"https:\/\/ingenibo.com\/ca\/wp-json\/wp\/v2\/pages\/467\/revisions"}],"predecessor-version":[{"id":3213,"href":"https:\/\/ingenibo.com\/ca\/wp-json\/wp\/v2\/pages\/467\/revisions\/3213"}],"up":[{"embeddable":true,"href":"https:\/\/ingenibo.com\/ca\/wp-json\/wp\/v2\/pages\/461"}],"wp:featuredmedia":[{"embeddable":true,"href":"https:\/\/ingenibo.com\/ca\/wp-json\/wp\/v2\/media\/1717"}],"wp:attachment":[{"href":"https:\/\/ingenibo.com\/ca\/wp-json\/wp\/v2\/media?parent=467"}],"curies":[{"name":"wp","href":"https:\/\/api.w.org\/{rel}","templated":true}]}}