{"id":463,"date":"2023-10-24T10:26:42","date_gmt":"2023-10-24T10:26:42","guid":{"rendered":"https:\/\/ingenibo.com\/inici\/"},"modified":"2024-01-25T10:31:20","modified_gmt":"2024-01-25T10:31:20","slug":"inici","status":"publish","type":"page","link":"https:\/\/ingenibo.com\/ca","title":{"rendered":"Inici"},"content":{"rendered":"<div class=\"gb-container gb-container-a3e66b74 alignfull gb-container-background-video-container\">\n<div class=\"gb-container gb-container-a885690e gb-container-background-video-inner-container\">\n<div class=\"gb-container gb-container-42983884 rellax gb-container-background-video-txt\" data-rellax-speed=\"-2\">\n\n<h1 class=\"gb-headline gb-headline-b19f6199 gb-headline-text gb-headline-titulo-gigante lettering\">Enginyeria, arquitectura i construcci\u00f3 amb visi\u00f3 i precisi\u00f3<\/h1>\n\n<\/div>\n<\/div>\n\n\n<figure class=\"wp-block-video alignfull background-video\"><video height=\"720\" style=\"aspect-ratio: 1280 \/ 720;\" width=\"1280\" autoplay loop muted src=\"https:\/\/ingenibo.com\/wp-content\/uploads\/2024\/01\/clip_web_ingenibo-1-1.mp4\"><\/video><\/figure>\n\n<\/div>","protected":false},"excerpt":{"rendered":"<p>Enginyeria, arquitectura i construcci\u00f3 amb visi\u00f3 i precisi\u00f3<\/p>\n","protected":false},"author":1,"featured_media":0,"parent":0,"menu_order":0,"comment_status":"closed","ping_status":"closed","template":"","meta":{"_acf_changed":false,"footnotes":""},"class_list":["post-463","page","type-page","status-publish"],"acf":[],"_links":{"self":[{"href":"https:\/\/ingenibo.com\/ca\/wp-json\/wp\/v2\/pages\/463","targetHints":{"allow":["GET"]}}],"collection":[{"href":"https:\/\/ingenibo.com\/ca\/wp-json\/wp\/v2\/pages"}],"about":[{"href":"https:\/\/ingenibo.com\/ca\/wp-json\/wp\/v2\/types\/page"}],"author":[{"embeddable":true,"href":"https:\/\/ingenibo.com\/ca\/wp-json\/wp\/v2\/users\/1"}],"replies":[{"embeddable":true,"href":"https:\/\/ingenibo.com\/ca\/wp-json\/wp\/v2\/comments?post=463"}],"version-history":[{"count":7,"href":"https:\/\/ingenibo.com\/ca\/wp-json\/wp\/v2\/pages\/463\/revisions"}],"predecessor-version":[{"id":3204,"href":"https:\/\/ingenibo.com\/ca\/wp-json\/wp\/v2\/pages\/463\/revisions\/3204"}],"wp:attachment":[{"href":"https:\/\/ingenibo.com\/ca\/wp-json\/wp\/v2\/media?parent=463"}],"curies":[{"name":"wp","href":"https:\/\/api.w.org\/{rel}","templated":true}]}}