{"id":2136,"date":"2023-10-26T10:54:28","date_gmt":"2023-10-26T10:54:28","guid":{"rendered":"https:\/\/ingenibo.com\/projectes\/els-nostres-objectius"},"modified":"2024-05-29T09:34:59","modified_gmt":"2024-05-29T09:34:59","slug":"els-nostres-objectius","status":"publish","type":"page","link":"https:\/\/ingenibo.com\/ca\/projectes\/els-nostres-objectius","title":{"rendered":"Els nostres objectius"},"content":{"rendered":"<div class=\"gb-container gb-container-d5f020ba alignfull gb-container-section\">\n<div class=\"gb-container gb-container-6c959728 gb-container-section-inner\">\n\n<h2 class=\"gb-headline gb-headline-9612b482 gb-headline-text\" data-aos=\"fade-up\" data-aos-duration=\"1000\" data-aos-delay=\"600\">MISSI\u00d3<\/h2>\n\n\n<div class=\"gb-container gb-container-a74ce741\" data-aos=\"fade-up\" data-aos-duration=\"1000\" data-aos-delay=\"800\">\n\n<p class=\"gb-headline gb-headline-b5341e2e gb-headline-text\">Fer de les idees dels nostres Clients una realitat, assegurant aix\u00ed la seva fidelitat ja que no hi ha empresa sense clients.<\/p>\n\n<\/div>\n<\/div>\n<\/div>\n\n<div class=\"gb-container gb-container-5e4dcf94 alignfull gb-container-section\">\n<div class=\"gb-container gb-container-affa5470 gb-container-section-inner\">\n\n<h2 class=\"gb-headline gb-headline-2b84f508 gb-headline-text\" data-aos=\"fade-up\" data-aos-duration=\"1000\">Visi\u00f3<\/h2>\n\n\n<div class=\"gb-container gb-container-9924e7b9\" data-aos=\"fade-up\" data-aos-duration=\"1000\" data-aos-delay=\"100\">\n\n<p class=\"gb-headline gb-headline-434652a9 gb-headline-text\">Construir relacions fortes i duradores amb els nostres Clients, ser un referent al nostre sector.<\/p>\n\n<\/div>\n<\/div>\n<\/div>\n\n<div class=\"gb-container gb-container-cd1dda3a alignfull gb-container-section\">\n<div class=\"gb-container gb-container-c7d9d9f6 gb-container-section-inner\">\n\n<h2 class=\"gb-headline gb-headline-4b1b46b2 gb-headline-text\" data-aos=\"fade-up\" data-aos-duration=\"1000\">Valors<\/h2>\n\n\n<div class=\"gb-container gb-container-725ead71\" data-aos=\"fade-up\" data-aos-duration=\"1000\" data-aos-delay=\"100\">\n\n<p class=\"has-var-global-color-9-color has-text-color\">Honestedat personal i professional i sobretot feina ben feta.  <\/p>\n\n\n\n<p class=\"has-var-global-color-9-color has-text-color\">El nostre capital \u00e9s el nostre personal.<\/p>\n\n<\/div>\n<\/div>\n<\/div>\n\n<div class=\"gb-container gb-container-e3f301dd alignfull gb-container-section\">\n<div class=\"gb-container gb-container-a4723ed3 gb-container-section-inner\">\n\n<h2 class=\"gb-headline gb-headline-6957cc3d gb-headline-text\" data-aos=\"fade-up\" data-aos-duration=\"1000\">SegurEtat<\/h2>\n\n\n<div class=\"gb-container gb-container-7d922109\" data-aos=\"fade-up\" data-aos-duration=\"1000\" data-aos-delay=\"100\">\n\n<p class=\"gb-headline gb-headline-9f013272 gb-headline-text\"><strong>La pol\u00edtica d&#8217;Ingenibo Group en mat\u00e8ria de seguretat \u00e9s un <\/strong><strong>dels pilars on s&#8217;assenta la nostra acci\u00f3 di\u00e0ria. Per aix\u00f2:<\/strong><\/p>\n\n\n\n<ul class=\"wp-block-list\">\n<li>Es forma el personal.<\/li>\n\n\n\n<li>Es consciencia el personal. <\/li>\n\n\n\n<li>S&#8217;exigeix \u200b\u200ba tots els intervinents a les nostres obres el compliment <br>de la normativa vigent. <\/li>\n\n\n\n<li>Es planifiquen els treballs des de la perspectiva de la seguretat <br>com a prioritat.<\/li>\n<\/ul>\n\n<\/div>\n<\/div>\n<\/div>","protected":false},"excerpt":{"rendered":"<p>MISSI\u00d3 Fer de les idees dels nostres Clients una realitat, assegurant aix\u00ed la seva fidelitat ja que no hi ha empresa sense clients. Visi\u00f3 Construir relacions fortes i duradores amb els nostres Clients, ser un referent al nostre sector. Valors Honestedat personal i professional i sobretot feina ben feta. El nostre capital \u00e9s el nostre &#8230; <a title=\"Els nostres objectius\" class=\"read-more\" href=\"https:\/\/ingenibo.com\/ca\/projectes\/els-nostres-objectius\" aria-label=\"M\u00e9s informaci\u00f3 sobre Els nostres objectius\">Leer m\u00e1s<\/a><\/p>\n","protected":false},"author":1,"featured_media":0,"parent":461,"menu_order":0,"comment_status":"closed","ping_status":"closed","template":"","meta":{"_acf_changed":false,"footnotes":""},"class_list":["post-2136","page","type-page","status-publish"],"acf":[],"_links":{"self":[{"href":"https:\/\/ingenibo.com\/ca\/wp-json\/wp\/v2\/pages\/2136","targetHints":{"allow":["GET"]}}],"collection":[{"href":"https:\/\/ingenibo.com\/ca\/wp-json\/wp\/v2\/pages"}],"about":[{"href":"https:\/\/ingenibo.com\/ca\/wp-json\/wp\/v2\/types\/page"}],"author":[{"embeddable":true,"href":"https:\/\/ingenibo.com\/ca\/wp-json\/wp\/v2\/users\/1"}],"replies":[{"embeddable":true,"href":"https:\/\/ingenibo.com\/ca\/wp-json\/wp\/v2\/comments?post=2136"}],"version-history":[{"count":14,"href":"https:\/\/ingenibo.com\/ca\/wp-json\/wp\/v2\/pages\/2136\/revisions"}],"predecessor-version":[{"id":3326,"href":"https:\/\/ingenibo.com\/ca\/wp-json\/wp\/v2\/pages\/2136\/revisions\/3326"}],"up":[{"embeddable":true,"href":"https:\/\/ingenibo.com\/ca\/wp-json\/wp\/v2\/pages\/461"}],"wp:attachment":[{"href":"https:\/\/ingenibo.com\/ca\/wp-json\/wp\/v2\/media?parent=2136"}],"curies":[{"name":"wp","href":"https:\/\/api.w.org\/{rel}","templated":true}]}}