{"id":2123,"date":"2023-10-24T10:41:01","date_gmt":"2023-10-24T10:41:01","guid":{"rendered":"https:\/\/ingenibo.com\/contacte"},"modified":"2024-02-02T09:45:09","modified_gmt":"2024-02-02T09:45:09","slug":"contacte","status":"publish","type":"page","link":"https:\/\/ingenibo.com\/ca\/contacte","title":{"rendered":"Contacte"},"content":{"rendered":"<div class=\"gb-container gb-container-dd469535 alignfull\">\n<div class=\"gb-container gb-container-bdca4a9b\">\n<div class=\"gb-grid-wrapper gb-grid-wrapper-64b719d2\">\n<div class=\"gb-grid-column gb-grid-column-3bb27410\"><div class=\"gb-container gb-container-3bb27410\">\n<div class=\"gb-container gb-container-c9598e9f\"><\/div>\n\n\n<h2 class=\"gb-headline gb-headline-e04b82d4 gb-headline-text\">barcelona<\/h2>\n\n\n\n<p class=\"gb-headline gb-headline-e8926ec6 gb-headline-text\">Pla\u00e7a Tetuan 40-41,  <br>3r 2a, 08010 Barcelona<br>T. 93 532 88 88<br>ingenibo@ingenibo.com<\/p>\n\n<\/div><\/div>\n\n<div class=\"gb-grid-column gb-grid-column-27d98cb2\"><div class=\"gb-container gb-container-27d98cb2 container-contact\">\n<div class=\"gb-container gb-container-13eb16a4\"><\/div>\n\n\n<h2 class=\"gb-headline gb-headline-787907cf gb-headline-text\">Madrid<\/h2>\n\n\n\n<p class=\"has-text-align-center\">Avda. de Brasil 17,  <br\/>12\u00e8 A, 28020 Madrid<br\/>T. 91 282 61 15<br\/>ingenibo@ingenibo.com<\/p>\n\n<\/div><\/div>\n<\/div>\n\n<div class=\"gb-container gb-container-05202ec0\">\n<div class=\"gb-container gb-container-e67f4215\"><\/div>\n\n\n<h2 class=\"gb-headline gb-headline-96b6383e gb-headline-text\">Localitzaci\u00f3<\/h2>\n\n\n<p><iframe src=\"https:\/\/www.google.com\/maps\/embed?pb=!1m14!1m8!1m3!1d11972.139201476639!2d2.1764426!3d41.3950506!3m2!1i1024!2i768!4f13.1!3m3!1m2!1s0x12a4a2e5cf6f74b9%3A0x83aa21579c773614!2sINGENIBO!5e0!3m2!1sca!2ses!4v1698388165363!5m2!1sca!2ses\" width=\"900\" height=\"500\" style=\"border:0;\" allowfullscreen=\"\" loading=\"lazy\" referrerpolicy=\"no-referrer-when-downgrade\"><\/iframe><\/p>\n\n\n<div class=\"gb-container gb-container-168bbc07\"><\/div>\n\n<p><iframe src=\"https:\/\/www.google.com\/maps\/embed?pb=!1m18!1m12!1m3!1d1517.9122643066455!2d-3.6950313611101735!3d40.457020533733385!2m3!1f0!2f0!3f0!3m2!1i1024!2i768!4f13.1!3m3!1m2!1s0xd4229033c78c551%3A0x2ee19c69fd7c00b8!2sAv.%20de%20Brasil%2C%2017%2C%20Tetu%C3%A1n%2C%2028020%20Madrid!5e0!3m2!1sca!2ses!4v1704985314606!5m2!1sca!2ses\" width=\"900\" height=\"500\" style=\"border:0;\" allowfullscreen=\"\" loading=\"lazy\" referrerpolicy=\"no-referrer-when-downgrade\"><\/iframe><\/p>\n\n\n\n<p><\/p>\n\n<\/div>\n<\/div>\n<\/div><div class=\"gb-container gb-container-6cafba28 gb-container-section\">\n<div class=\"gb-container gb-container-2cd21082 gb-container-section-inner\">\n\n<h2 class=\"gb-headline gb-headline-1d8fbdbe gb-headline-text\">Treballa amb nosaltres<\/h2>\n\n\n\n<p class=\"has-text-align-center\">Agra\u00efm l&#8217;inter\u00e8s mostrat a la nostra empresa com a oportunitat de desenvolupament personal. Cerquem professionals que vulguin desenvolupar la seva vida professional amb nosaltres.  <\/p>\n\n\n\n<p class=\"has-text-align-center\">Si ets una persona amb iniciativa i vols treballar amb nosaltres, envia&#8217;ns el teu Curriculum Vitae i et tindrem en compte per a futurs processos.<br\/><br\/><strong>rrhh@ingenibo.com<\/strong><\/p>\n\n<\/div>\n<\/div>","protected":false},"excerpt":{"rendered":"<p>Localitzaci\u00f3 Treballa amb nosaltres Agra\u00efm l&#8217;inter\u00e8s mostrat a la nostra empresa com a oportunitat de desenvolupament personal. Cerquem professionals que vulguin desenvolupar la seva vida professional amb nosaltres. Si ets una persona amb iniciativa i vols treballar amb nosaltres, envia&#8217;ns el teu Curriculum Vitae i et tindrem en compte per a futurs processos. rrhh@ingenibo.com<\/p>\n","protected":false},"author":1,"featured_media":0,"parent":0,"menu_order":5,"comment_status":"closed","ping_status":"closed","template":"","meta":{"_acf_changed":false,"footnotes":""},"class_list":["post-2123","page","type-page","status-publish"],"acf":[],"_links":{"self":[{"href":"https:\/\/ingenibo.com\/ca\/wp-json\/wp\/v2\/pages\/2123","targetHints":{"allow":["GET"]}}],"collection":[{"href":"https:\/\/ingenibo.com\/ca\/wp-json\/wp\/v2\/pages"}],"about":[{"href":"https:\/\/ingenibo.com\/ca\/wp-json\/wp\/v2\/types\/page"}],"author":[{"embeddable":true,"href":"https:\/\/ingenibo.com\/ca\/wp-json\/wp\/v2\/users\/1"}],"replies":[{"embeddable":true,"href":"https:\/\/ingenibo.com\/ca\/wp-json\/wp\/v2\/comments?post=2123"}],"version-history":[{"count":7,"href":"https:\/\/ingenibo.com\/ca\/wp-json\/wp\/v2\/pages\/2123\/revisions"}],"predecessor-version":[{"id":3284,"href":"https:\/\/ingenibo.com\/ca\/wp-json\/wp\/v2\/pages\/2123\/revisions\/3284"}],"wp:attachment":[{"href":"https:\/\/ingenibo.com\/ca\/wp-json\/wp\/v2\/media?parent=2123"}],"curies":[{"name":"wp","href":"https:\/\/api.w.org\/{rel}","templated":true}]}}