{"id":2114,"date":"2023-11-29T18:49:41","date_gmt":"2023-11-29T18:49:41","guid":{"rendered":"https:\/\/ingenibo.com\/serveis"},"modified":"2024-01-25T11:08:07","modified_gmt":"2024-01-25T11:08:07","slug":"serveis","status":"publish","type":"page","link":"https:\/\/ingenibo.com\/ca\/serveis","title":{"rendered":"Serveis"},"content":{"rendered":"<div class=\"gb-container gb-container-d5f020ba alignfull gb-container-section\">\n<div class=\"gb-container gb-container-6c959728 gb-container-section-inner\">\n\n<h2 class=\"gb-headline gb-headline-9612b482 gb-headline-text\" data-aos=\"fade-up\" data-aos-duration=\"1000\" data-aos-delay=\"600\">Generals<\/h2>\n\n\n<div class=\"gb-container gb-container-a74ce741\" data-aos=\"fade-up\" data-aos-duration=\"1000\" data-aos-delay=\"800\">\n\n<ul class=\"wp-block-list\">\n<li>Estudis de Viabilitat<\/li>\n\n\n\n<li>Avantprojectes<\/li>\n\n\n\n<li>Enginyeria B\u00e0sica i de Detall<\/li>\n\n\n\n<li>Remodelacions<\/li>\n\n\n\n<li>Auditories T\u00e8cniques<\/li>\n\n\n\n<li>Enginyeria Legal<\/li>\n\n\n\n<li>Gesti\u00f3 de Compres<\/li>\n\n\n\n<li>Gesti\u00f3 Integral de Projectes (Project \u00b7 Management)<\/li>\n\n\n\n<li>Direcci\u00f3 Facultativa i\/o Efectiva d&#8217;obres<\/li>\n\n\n\n<li>Control de qualitat<\/li>\n\n\n\n<li>Projectes &#8220;Clau en M\u00e0&#8221;<\/li>\n\n\n\n<li>Construcci\u00f3<\/li>\n\n\n\n<li>Manteniment<\/li>\n<\/ul>\n\n<\/div>\n<\/div>\n<\/div>\n\n<div class=\"gb-container gb-container-cd1dda3a alignfull gb-container-section\">\n<div class=\"gb-container gb-container-c7d9d9f6 gb-container-section-inner\">\n\n<h2 class=\"gb-headline gb-headline-4b1b46b2 gb-headline-text\" data-aos=\"fade-up\" data-aos-duration=\"1000\">Serveis diferencials<\/h2>\n\n\n<div class=\"gb-container gb-container-725ead71\" data-aos=\"fade-up\" data-aos-duration=\"1000\" data-aos-delay=\"100\">\n\n<ul class=\"wp-block-list\">\n<li>Optimitzaci\u00f3 t\u00e8cnica i econ\u00f2mica de projectes.<\/li>\n\n\n\n<li>Estudis de sistemes constructius per reduir el preu i el termini de realitzaci\u00f3 de les obres.<\/li>\n\n\n\n<li>Estudis destalvi energ\u00e8tic.<\/li>\n\n\n\n<li>Disseny dedificis en 3D.<\/li>\n<\/ul>\n\n<\/div>\n<\/div>\n<\/div>\n\n<div class=\"gb-container gb-container-08f21530 alignfull gb-container-section\">\n<div class=\"gb-container gb-container-3facdf6e gb-container-section-inner\">\n\n<h2 class=\"gb-headline gb-headline-2c77534e gb-headline-text\" data-aos=\"fade-up\" data-aos-duration=\"1000\">Camps<\/h2>\n\n\n<div class=\"gb-container gb-container-660ef19f\" data-aos=\"fade-up\" data-aos-duration=\"1000\" data-aos-delay=\"100\">\n\n<ul class=\"wp-block-list\">\n<li>Arquitectura<\/li>\n\n\n\n<li>Obra Civil<\/li>\n\n\n\n<li>Estructura<\/li>\n\n\n\n<li>Instal\u00b7lacions mec\u00e0niques<\/li>\n\n\n\n<li>Instal\u00b7lacions el\u00e8ctriques<\/li>\n<\/ul>\n\n<\/div>\n<\/div>\n<\/div>","protected":false},"excerpt":{"rendered":"<p>Generals Serveis diferencials Camps<\/p>\n","protected":false},"author":1,"featured_media":0,"parent":0,"menu_order":0,"comment_status":"closed","ping_status":"closed","template":"","meta":{"_acf_changed":false,"footnotes":""},"class_list":["post-2114","page","type-page","status-publish"],"acf":[],"_links":{"self":[{"href":"https:\/\/ingenibo.com\/ca\/wp-json\/wp\/v2\/pages\/2114","targetHints":{"allow":["GET"]}}],"collection":[{"href":"https:\/\/ingenibo.com\/ca\/wp-json\/wp\/v2\/pages"}],"about":[{"href":"https:\/\/ingenibo.com\/ca\/wp-json\/wp\/v2\/types\/page"}],"author":[{"embeddable":true,"href":"https:\/\/ingenibo.com\/ca\/wp-json\/wp\/v2\/users\/1"}],"replies":[{"embeddable":true,"href":"https:\/\/ingenibo.com\/ca\/wp-json\/wp\/v2\/comments?post=2114"}],"version-history":[{"count":5,"href":"https:\/\/ingenibo.com\/ca\/wp-json\/wp\/v2\/pages\/2114\/revisions"}],"predecessor-version":[{"id":3221,"href":"https:\/\/ingenibo.com\/ca\/wp-json\/wp\/v2\/pages\/2114\/revisions\/3221"}],"wp:attachment":[{"href":"https:\/\/ingenibo.com\/ca\/wp-json\/wp\/v2\/media?parent=2114"}],"curies":[{"name":"wp","href":"https:\/\/api.w.org\/{rel}","templated":true}]}}