{"id":2111,"date":"2023-12-22T12:56:16","date_gmt":"2023-12-22T12:56:16","guid":{"rendered":"https:\/\/ingenibo.com\/projectes\/sectors-dactuacio"},"modified":"2024-02-02T09:42:33","modified_gmt":"2024-02-02T09:42:33","slug":"sectors-dactuacio","status":"publish","type":"page","link":"https:\/\/ingenibo.com\/ca\/projectes\/sectors-dactuacio","title":{"rendered":"Sectors dactuaci\u00f3"},"content":{"rendered":"<div class=\"gb-container gb-container-d5f020ba alignfull gb-container-section\">\n<div class=\"gb-container gb-container-6c959728 gb-container-section-inner\">\n\n<h2 class=\"gb-headline gb-headline-9612b482 gb-headline-text\" data-aos=\"fade-up\" data-aos-duration=\"1000\" data-aos-delay=\"600\">Edificaci\u00f3<\/h2>\n\n\n<div class=\"gb-container gb-container-a74ce741\" data-aos=\"fade-up\" data-aos-duration=\"1000\" data-aos-delay=\"800\">\n\n<ul class=\"wp-block-list\">\n<li>Edificis d&#8217;oficines<\/li>\n\n\n\n<li>Centres Sanitaris<\/li>\n\n\n\n<li>Centres Comercials<\/li>\n\n\n\n<li>Hotels<\/li>\n\n\n\n<li>Centres d&#8217;oci<\/li>\n\n\n\n<li>Instal\u00b7lacions Educatives<\/li>\n\n\n\n<li>Edificis d&#8217;Habitatges<\/li>\n\n\n\n<li>Centres de C\u00e0lcul<\/li>\n\n\n\n<li>Centres de Noves Tecnologies<\/li>\n\n\n\n<li>Recintes firals<\/li>\n<\/ul>\n\n<\/div>\n<\/div>\n<\/div><div class=\"gb-container gb-container-cd1dda3a alignfull gb-container-section\">\n<div class=\"gb-container gb-container-c7d9d9f6 gb-container-section-inner\">\n\n<h2 class=\"gb-headline gb-headline-4b1b46b2 gb-headline-text\" data-aos=\"fade-up\" data-aos-duration=\"1000\">Ind\u00fastria lleugera<\/h2>\n\n\n<div class=\"gb-container gb-container-725ead71\" data-aos=\"fade-up\" data-aos-duration=\"1000\" data-aos-delay=\"100\">\n\n<ul class=\"wp-block-list\">\n<li>Centres de distribuci\u00f3<\/li>\n\n\n\n<li>Laboratoris Farmac\u00e8utics<\/li>\n\n\n\n<li>Alimentaci\u00f3<\/li>\n\n\n\n<li>Arts Gr\u00e0fiques<\/li>\n<\/ul>\n\n<\/div>\n<\/div>\n<\/div><div class=\"gb-container gb-container-08f21530 alignfull gb-container-section\">\n<div class=\"gb-container gb-container-3facdf6e gb-container-section-inner\">\n\n<h2 class=\"gb-headline gb-headline-2c77534e gb-headline-text\" data-aos=\"fade-up\" data-aos-duration=\"1000\">Energ\u00e8tic<\/h2>\n\n\n<div class=\"gb-container gb-container-660ef19f\" data-aos=\"fade-up\" data-aos-duration=\"1000\" data-aos-delay=\"100\">\n\n<ul class=\"wp-block-list\">\n<li>Distribuci\u00f3 El\u00e8ctrica i de Fluids<\/li>\n\n\n\n<li>Energies alternatives<\/li>\n\n\n\n<li>Tractament de Purins<\/li>\n\n\n\n<li>Cogeneraci\u00f3<\/li>\n\n\n\n<li>District Heating &amp; Cooling<\/li>\n\n\n\n<li>Gas<\/li>\n<\/ul>\n\n<\/div>\n<\/div>\n<\/div>","protected":false},"excerpt":{"rendered":"<p>Edificaci\u00f3 Ind\u00fastria lleugera Energ\u00e8tic<\/p>\n","protected":false},"author":1,"featured_media":0,"parent":461,"menu_order":0,"comment_status":"closed","ping_status":"closed","template":"","meta":{"_acf_changed":false,"footnotes":""},"class_list":["post-2111","page","type-page","status-publish"],"acf":[],"_links":{"self":[{"href":"https:\/\/ingenibo.com\/ca\/wp-json\/wp\/v2\/pages\/2111","targetHints":{"allow":["GET"]}}],"collection":[{"href":"https:\/\/ingenibo.com\/ca\/wp-json\/wp\/v2\/pages"}],"about":[{"href":"https:\/\/ingenibo.com\/ca\/wp-json\/wp\/v2\/types\/page"}],"author":[{"embeddable":true,"href":"https:\/\/ingenibo.com\/ca\/wp-json\/wp\/v2\/users\/1"}],"replies":[{"embeddable":true,"href":"https:\/\/ingenibo.com\/ca\/wp-json\/wp\/v2\/comments?post=2111"}],"version-history":[{"count":5,"href":"https:\/\/ingenibo.com\/ca\/wp-json\/wp\/v2\/pages\/2111\/revisions"}],"predecessor-version":[{"id":3281,"href":"https:\/\/ingenibo.com\/ca\/wp-json\/wp\/v2\/pages\/2111\/revisions\/3281"}],"up":[{"embeddable":true,"href":"https:\/\/ingenibo.com\/ca\/wp-json\/wp\/v2\/pages\/461"}],"wp:attachment":[{"href":"https:\/\/ingenibo.com\/ca\/wp-json\/wp\/v2\/media?parent=2111"}],"curies":[{"name":"wp","href":"https:\/\/api.w.org\/{rel}","templated":true}]}}