{"id":2101,"date":"2023-10-25T11:27:09","date_gmt":"2023-10-25T11:27:09","guid":{"rendered":"https:\/\/ingenibo.com\/projectes\/enginyer-integral-services"},"modified":"2024-01-25T10:57:49","modified_gmt":"2024-01-25T10:57:49","slug":"enginyer-integral-services","status":"publish","type":"page","link":"https:\/\/ingenibo.com\/ca\/projectes\/enginyer-integral-services","title":{"rendered":"Ingenibo Integral Services"},"content":{"rendered":"<div class=\"gb-container gb-container-5858d79d rellax alignfull\" data-rellax-speed=\"3\">\n<div class=\"gb-container gb-container-f53c8164\">\n\n<p class=\"gb-headline gb-headline-e2832c6e gb-headline-text\"><strong>INGENIBO INTEGRAL SERVICES<\/strong> \u00e9s una empresa constructora i de manteniment formada per professionals amb una \u00e0mplia experi\u00e8ncia en l&#8217;execuci\u00f3 i la direcci\u00f3 d&#8217;obres i en el manteniment d&#8217;edificis.<\/p>\n\n<\/div>\n<\/div>\n\n<div class=\"gb-container gb-container-3b23960e alignfull\">\n<div class=\"gb-container gb-container-872d41e6\">\n<div class=\"gb-container gb-container-0d29315c\" data-aos=\"fade-up\" data-aos-duration=\"1000\"><\/div>\n\n<div class=\"gb-container gb-container-b8642fc0\">\n\n<h3 class=\"gb-headline gb-headline-16bd0ddd gb-headline-text gb-headline-titulo-normal\" data-aos=\"fade-up\" data-aos-duration=\"2000\"><strong><strong>Les seves actuacions estan orientades tant al<\/strong> <\/strong><\/h3>\n\n\n\n<h2 class=\"gb-headline gb-headline-447c676c gb-headline-text gb-headline-titulo-gigante\" data-aos=\"fade-up\" data-aos-duration=\"2000\" data-aos-delay=\"200\">sector <strong>residencial<\/strong> <br>com al <strong>comercial<\/strong><\/h2>\n\n\n\n<h4 class=\"gb-headline gb-headline-24c6ea03 gb-headline-text gb-headline-titulo-pequeno\" data-aos=\"fade-up\" data-aos-duration=\"2000\" data-aos-delay=\"500\">La qualitat i la fiabilitat s\u00f3n les premisses en qu\u00e8  <br>es fonamenta el seu <strong>\u00e8xit<\/strong> .<\/h4>\n\n<\/div>\n\n<div class=\"gb-container gb-container-01bdf6d1\" data-aos=\"fade-up\" data-aos-duration=\"1000\" data-aos-delay=\"600\"><\/div>\n\n<div class=\"gb-container gb-container-0f8e40e5\">\n\n<p class=\"gb-headline gb-headline-9186e8b4 gb-headline-text\" data-aos=\"fade-up\" data-aos-duration=\"2000\">Compta amb personal propi per a la realitzaci\u00f3 dels treballs, aix\u00ed com t\u00e8cnics que duen a terme la direcci\u00f3 de les obres, pensant sempre en les necessitats i desitjos dels Clients, lliurant-les a la seva completa satisfacci\u00f3.<\/p>\n\n<\/div>\n<\/div>\n<\/div>","protected":false},"excerpt":{"rendered":"<p>INGENIBO INTEGRAL SERVICES \u00e9s una empresa constructora i de manteniment formada per professionals amb una \u00e0mplia experi\u00e8ncia en l&#8217;execuci\u00f3 i la direcci\u00f3 d&#8217;obres i en el manteniment d&#8217;edificis. Les seves actuacions estan orientades tant al sector residencial com al comercial La qualitat i la fiabilitat s\u00f3n les premisses en qu\u00e8 es fonamenta el seu \u00e8xit &#8230; <a title=\"Ingenibo Integral Services\" class=\"read-more\" href=\"https:\/\/ingenibo.com\/ca\/projectes\/enginyer-integral-services\" aria-label=\"M\u00e9s informaci\u00f3 sobre Ingenibo Integral Services\">Leer m\u00e1s<\/a><\/p>\n","protected":false},"author":1,"featured_media":0,"parent":461,"menu_order":0,"comment_status":"closed","ping_status":"closed","template":"","meta":{"_acf_changed":false,"footnotes":""},"class_list":["post-2101","page","type-page","status-publish"],"acf":[],"_links":{"self":[{"href":"https:\/\/ingenibo.com\/ca\/wp-json\/wp\/v2\/pages\/2101","targetHints":{"allow":["GET"]}}],"collection":[{"href":"https:\/\/ingenibo.com\/ca\/wp-json\/wp\/v2\/pages"}],"about":[{"href":"https:\/\/ingenibo.com\/ca\/wp-json\/wp\/v2\/types\/page"}],"author":[{"embeddable":true,"href":"https:\/\/ingenibo.com\/ca\/wp-json\/wp\/v2\/users\/1"}],"replies":[{"embeddable":true,"href":"https:\/\/ingenibo.com\/ca\/wp-json\/wp\/v2\/comments?post=2101"}],"version-history":[{"count":8,"href":"https:\/\/ingenibo.com\/ca\/wp-json\/wp\/v2\/pages\/2101\/revisions"}],"predecessor-version":[{"id":3216,"href":"https:\/\/ingenibo.com\/ca\/wp-json\/wp\/v2\/pages\/2101\/revisions\/3216"}],"up":[{"embeddable":true,"href":"https:\/\/ingenibo.com\/ca\/wp-json\/wp\/v2\/pages\/461"}],"wp:attachment":[{"href":"https:\/\/ingenibo.com\/ca\/wp-json\/wp\/v2\/media?parent=2101"}],"curies":[{"name":"wp","href":"https:\/\/api.w.org\/{rel}","templated":true}]}}